
{"id":425,"date":"2018-06-28T07:22:15","date_gmt":"2018-06-28T07:22:15","guid":{"rendered":"http:\/\/wpprmstracdy.qa.eyepax.info:6785\/?page_id=425"},"modified":"2021-06-24T13:29:28","modified_gmt":"2021-06-24T13:29:28","slug":"online-trouble-shooting","status":"publish","type":"page","link":"https:\/\/lkqacademy.be\/en\/online-trouble-shooting\/","title":{"rendered":"Hotline"},"content":{"rendered":"\n<h3>D\u00e9couvrez comment LKQ peut vous accompagner dans la r\u00e9paration de v\u00e9hicules. Une solution adapt\u00e9e \u00e0 chaque probl\u00e8me.<\/h3>\n<h4>Nous r\u00e9solvons tous les probl\u00e8mes ensemble en trois phases.<\/h4>\n<p>\u00a0<\/p>\n<p>LKQ vous accompagne tout au long de la r\u00e9paration d\u2019un v\u00e9hicule, et ce en 3\u00a0phases. La premi\u00e8re phase consiste \u00e0 vous procurer le mat\u00e9riel n\u00e9cessaire. Vous avez besoin d\u2019un certain \u00e9quipement de diagnostic, d\u2019une nouvelle licence ou d\u2019une r\u00e9paration de votre outil de diagnostic\u00a0? Adressez-vous \u00e0 <strong>LKQ Diagnostics<\/strong>\u00a0! Si vous disposez d\u00e9j\u00e0 du bon appareil de diagnostic et de la licence, la <strong>LKQ Academy<\/strong> est \u00e0 votre disposition pour des formations et des donn\u00e9es techniques. Pendant la deuxi\u00e8me phase, les techniciens de LKQ continuent \u00e0 vous accompagner sur la hotline LKQ ou avec un diagnostic \u00e0 distance. Pendant la derni\u00e8re phase, vous pouvez m\u00eame faire appel \u00e0 l\u2019Atelier, o\u00f9 vous pouvez amener le v\u00e9hicule pour des diagnostics non r\u00e9solus ou pour effectuer un \u00e9talonnage ADAS ou un entretien de climatisation. Vous pouvez aussi demander nos \u00ab\u00a0flying doctors\u00a0\u00bb, qui viennent vous d\u00e9panner dans votre atelier.<\/p>\n<p>D\u00e9couvrez les 3 phases de l\u2019accompagnement de LKQ dans cette brochure.<\/p>\n<p style=\"text-align: center;\">\u00a0<\/p>\n","protected":false},"excerpt":{"rendered":"<p>D\u00e9couvrez comment LKQ peut vous accompagner dans la r\u00e9paration de v\u00e9hicules. Une solution adapt\u00e9e \u00e0 chaque probl\u00e8me. Nous r\u00e9solvons tous&#8230;<\/p>\n","protected":false},"author":4,"featured_media":0,"parent":0,"menu_order":0,"comment_status":"closed","ping_status":"closed","template":"fullwidth.php","meta":{"_acf_changed":false,"footnotes":""},"class_list":["post-425","page","type-page","status-publish","hentry"],"translation":{"provider":"WPGlobus","version":"3.0.2","language":"en","enabled_languages":["nl","fr","en"],"languages":{"nl":{"title":true,"content":true,"excerpt":false},"fr":{"title":false,"content":true,"excerpt":false},"en":{"title":true,"content":true,"excerpt":false}}},"acf":[],"_links":{"self":[{"href":"https:\/\/lkqacademy.be\/en\/wp-json\/wp\/v2\/pages\/425","targetHints":{"allow":["GET"]}}],"collection":[{"href":"https:\/\/lkqacademy.be\/en\/wp-json\/wp\/v2\/pages"}],"about":[{"href":"https:\/\/lkqacademy.be\/en\/wp-json\/wp\/v2\/types\/page"}],"author":[{"embeddable":true,"href":"https:\/\/lkqacademy.be\/en\/wp-json\/wp\/v2\/users\/4"}],"replies":[{"embeddable":true,"href":"https:\/\/lkqacademy.be\/en\/wp-json\/wp\/v2\/comments?post=425"}],"version-history":[{"count":0,"href":"https:\/\/lkqacademy.be\/en\/wp-json\/wp\/v2\/pages\/425\/revisions"}],"wp:attachment":[{"href":"https:\/\/lkqacademy.be\/en\/wp-json\/wp\/v2\/media?parent=425"}],"curies":[{"name":"wp","href":"https:\/\/api.w.org\/{rel}","templated":true}]}}